{"id":7,"date":"2024-10-23T17:06:07","date_gmt":"2024-10-23T17:06:07","guid":{"rendered":"https:\/\/ddrf.rty.hu\/?page_id=7"},"modified":"2024-11-01T23:20:49","modified_gmt":"2024-11-01T23:20:49","slug":"bemutatkozas","status":"publish","type":"page","link":"https:\/\/ddrf.rty.hu\/","title":{"rendered":"F\u0151oldal"},"content":{"rendered":"\n<div class=\"wp-block-media-text is-stacked-on-mobile\"><figure class=\"wp-block-media-text__media\"><img loading=\"lazy\" decoding=\"async\" width=\"1024\" height=\"683\" src=\"https:\/\/ddrf.rty.hu\/wp-content\/uploads\/2024\/10\/splash-d14b986a4016abf26fe831d0a33ad536-1024x683.jpg\" alt=\"\" class=\"wp-image-41 size-full\" srcset=\"https:\/\/ddrf.rty.hu\/wp-content\/uploads\/2024\/10\/splash-d14b986a4016abf26fe831d0a33ad536-1024x683.jpg 1024w, https:\/\/ddrf.rty.hu\/wp-content\/uploads\/2024\/10\/splash-d14b986a4016abf26fe831d0a33ad536-300x200.jpg 300w, https:\/\/ddrf.rty.hu\/wp-content\/uploads\/2024\/10\/splash-d14b986a4016abf26fe831d0a33ad536-768x512.jpg 768w, https:\/\/ddrf.rty.hu\/wp-content\/uploads\/2024\/10\/splash-d14b986a4016abf26fe831d0a33ad536-1536x1024.jpg 1536w, https:\/\/ddrf.rty.hu\/wp-content\/uploads\/2024\/10\/splash-d14b986a4016abf26fe831d0a33ad536.jpg 2048w\" sizes=\"auto, (max-width: 1024px) 100vw, 1024px\" \/><\/figure><div class=\"wp-block-media-text__content\">\n<p class=\"ContentBox\"><strong>Bemutatkoz\u00e1s<\/strong><br><br>2015-ben T\u00f3th Ada \u00e9s T\u00f3th Bence \u00e1lmodtak egy nagyot: zen\u00e9sz bar\u00e1tokat szerveztek maguk k\u00f6r\u00e9 \u00e9s hirdettek egy f\u00fav\u00f3szenekari t\u00e1bort. A kezdem\u00e9nyez\u00e9s hamar komolyra fordult, 2021 tel\u00e9n m\u00e1r t\u00f6bb mint 100 zen\u00e9sz gy\u0171lt \u00f6ssze t\u00e1borozni. A DDRF Symphonic Band-ben profik \u00e9s amat\u0151r\u00f6k j\u00e1tszanak egy\u00fctt. Az \u00e9vek sor\u00e1n egy egym\u00e1st szeret\u0151 \u00e9s tisztel\u0151 k\u00f6z\u00f6ss\u00e9g alakult ki, amiben inspir\u00e1l\u00f3an szabad \u00e9lm\u00e9ny a k\u00f6z\u00f6s zen\u00e9l\u00e9s \u00e9s ami a k\u00f6z\u00f6ns\u00e9gnek is hatalmas t\u00f6ltetet ad. A DDRF Symphonic Band 2017-ben \u00e9letre h\u00edvta a DDRF Minit, ahol 10-16 \u00e9ves koroszt\u00e1ly f\u00fav\u00f3szen\u00e9szei mutathatj\u00e1k meg magukat.<\/p>\n<\/div><\/div>\n\n\n\n<section class=\"wp-block-group ContentBox is-vertical is-content-justification-left is-layout-flex wp-container-core-group-is-layout-41619b2b wp-block-group-is-layout-flex\">\n<p class=\"has-medium-font-size\">T\u00e1mogasson minket!<\/p>\n\n\n\n<p class=\"has-text-align-left\">HOLAC\u00c9? Kultur\u00e1lis Egyes\u00fclet<br>11746043-24627070-00000000 OTP Bank<\/p>\n<\/section>\n\n\n\n<p><\/p>\n","protected":false},"excerpt":{"rendered":"<p>Bemutatkoz\u00e1s 2015-ben T\u00f3th Ada \u00e9s T\u00f3th Bence \u00e1lmodtak egy nagyot: zen\u00e9sz bar\u00e1tokat szerveztek maguk k\u00f6r\u00e9 \u00e9s hirdettek egy f\u00fav\u00f3szenekari t\u00e1bort. A kezdem\u00e9nyez\u00e9s hamar komolyra fordult, 2021 tel\u00e9n m\u00e1r t\u00f6bb mint 100 zen\u00e9sz gy\u0171lt \u00f6ssze t\u00e1borozni. A DDRF Symphonic Band-ben profik \u00e9s amat\u0151r\u00f6k j\u00e1tszanak egy\u00fctt. Az \u00e9vek sor\u00e1n egy egym\u00e1st szeret\u0151 \u00e9s tisztel\u0151 k\u00f6z\u00f6ss\u00e9g alakult ki, [&hellip;]<\/p>\n","protected":false},"author":1,"featured_media":0,"parent":0,"menu_order":0,"comment_status":"closed","ping_status":"closed","template":"","meta":{"inline_featured_image":false,"footnotes":""},"class_list":["post-7","page","type-page","status-publish","hentry"],"_links":{"self":[{"href":"https:\/\/ddrf.rty.hu\/index.php\/wp-json\/wp\/v2\/pages\/7","targetHints":{"allow":["GET"]}}],"collection":[{"href":"https:\/\/ddrf.rty.hu\/index.php\/wp-json\/wp\/v2\/pages"}],"about":[{"href":"https:\/\/ddrf.rty.hu\/index.php\/wp-json\/wp\/v2\/types\/page"}],"author":[{"embeddable":true,"href":"https:\/\/ddrf.rty.hu\/index.php\/wp-json\/wp\/v2\/users\/1"}],"replies":[{"embeddable":true,"href":"https:\/\/ddrf.rty.hu\/index.php\/wp-json\/wp\/v2\/comments?post=7"}],"version-history":[{"count":40,"href":"https:\/\/ddrf.rty.hu\/index.php\/wp-json\/wp\/v2\/pages\/7\/revisions"}],"predecessor-version":[{"id":160,"href":"https:\/\/ddrf.rty.hu\/index.php\/wp-json\/wp\/v2\/pages\/7\/revisions\/160"}],"wp:attachment":[{"href":"https:\/\/ddrf.rty.hu\/index.php\/wp-json\/wp\/v2\/media?parent=7"}],"curies":[{"name":"wp","href":"https:\/\/api.w.org\/{rel}","templated":true}]}}