{"id":54,"date":"2024-10-26T19:36:30","date_gmt":"2024-10-26T19:36:30","guid":{"rendered":"https:\/\/ddrf.rty.hu\/?page_id=54"},"modified":"2024-11-01T21:27:12","modified_gmt":"2024-11-01T21:27:12","slug":"rolunk","status":"publish","type":"page","link":"https:\/\/ddrf.rty.hu\/index.php\/rolunk\/","title":{"rendered":"R\u00f3lunk"},"content":{"rendered":"\n<p class=\"has-text-align-center has-medium-font-size\"><strong>A SZAKMAI ST\u00c1B<\/strong><\/p>\n\n\n\n<div class=\"wp-block-media-text is-stacked-on-mobile Max1020\"><figure class=\"wp-block-media-text__media\"><img loading=\"lazy\" decoding=\"async\" width=\"1024\" height=\"684\" src=\"https:\/\/ddrf.rty.hu\/wp-content\/uploads\/2024\/10\/benu-6f5f112fa872164ebda29cd3a82035dc-1024x684.webp\" alt=\"\" class=\"wp-image-98 size-full\" srcset=\"https:\/\/ddrf.rty.hu\/wp-content\/uploads\/2024\/10\/benu-6f5f112fa872164ebda29cd3a82035dc-1024x684.webp 1024w, https:\/\/ddrf.rty.hu\/wp-content\/uploads\/2024\/10\/benu-6f5f112fa872164ebda29cd3a82035dc-300x200.webp 300w, https:\/\/ddrf.rty.hu\/wp-content\/uploads\/2024\/10\/benu-6f5f112fa872164ebda29cd3a82035dc-768x513.webp 768w, https:\/\/ddrf.rty.hu\/wp-content\/uploads\/2024\/10\/benu-6f5f112fa872164ebda29cd3a82035dc-1536x1025.webp 1536w, https:\/\/ddrf.rty.hu\/wp-content\/uploads\/2024\/10\/benu-6f5f112fa872164ebda29cd3a82035dc-2048x1367.webp 2048w\" sizes=\"auto, (max-width: 1024px) 100vw, 1024px\" \/><\/figure><div class=\"wp-block-media-text__content\">\n<p class=\"has-text-align-center has-medium-font-size\">T\u00f3th Bence &#8211; Benu<\/p>\n\n\n\n<p>Benu az, akit nem lehet nem szeretni. Folyamatosan kritiz\u00e1l, ezt m\u00e9gis oly m\u00f3don teszi, hogy nem lehet r\u00e1 haragudni. S\u0151t! A pr\u00f3b\u00e1i sosem unalmasak, a zen\u00e9szek nagyon szeretnek vele egy\u00fctt zen\u00e9lni. A karmesters\u00e9get Sv\u00e1jcban hivat\u00e1szszer\u0171en is \u0171zi, mellette zeneiskol\u00e1ban tan\u00edt gyerekeket.<\/p>\n<\/div><\/div>\n\n\n\n<div class=\"wp-block-media-text has-media-on-the-right is-stacked-on-mobile Max1020\"><div class=\"wp-block-media-text__content\">\n<p class=\"has-text-align-center has-medium-font-size\">T\u00f3th Ada &#8211; Ada<\/p>\n\n\n\n<p>Ada a zenekar motorja. Amellett, hogy klarin\u00e9toz\u00e1sban p\u00e1rj\u00e1t ritk\u00edtja, Benuval k\u00f6z\u00f6sen \u00e1ll\u00edtj\u00e1k \u00f6ssze a m\u0171sort is. Ezenfel\u00fcl minden ADAt hozz\u00e1 fut be a t\u00e1borok \u00e9s a fell\u00e9p\u00e9sek minden ter\u00fclet\u00e9r\u0151l, Ada \u00edgy igazi Mindentud\u00f3. Egy\u00e9bk\u00e9nt a Domb\u00f3v\u00e1ri Zeneiskola klarin\u00e9ttan\u00e1ra \u00e9s igazgat\u00f3helyettese<\/p>\n<\/div><figure class=\"wp-block-media-text__media\"><img loading=\"lazy\" decoding=\"async\" width=\"1024\" height=\"684\" src=\"https:\/\/ddrf.rty.hu\/wp-content\/uploads\/2024\/11\/ada-5e8a0827b49a692f55dc3bd23115cc55-1024x684.webp\" alt=\"\" class=\"wp-image-111 size-full\" srcset=\"https:\/\/ddrf.rty.hu\/wp-content\/uploads\/2024\/11\/ada-5e8a0827b49a692f55dc3bd23115cc55-1024x684.webp 1024w, https:\/\/ddrf.rty.hu\/wp-content\/uploads\/2024\/11\/ada-5e8a0827b49a692f55dc3bd23115cc55-300x200.webp 300w, https:\/\/ddrf.rty.hu\/wp-content\/uploads\/2024\/11\/ada-5e8a0827b49a692f55dc3bd23115cc55-768x513.webp 768w, https:\/\/ddrf.rty.hu\/wp-content\/uploads\/2024\/11\/ada-5e8a0827b49a692f55dc3bd23115cc55-1536x1025.webp 1536w, https:\/\/ddrf.rty.hu\/wp-content\/uploads\/2024\/11\/ada-5e8a0827b49a692f55dc3bd23115cc55-2048x1367.webp 2048w\" sizes=\"auto, (max-width: 1024px) 100vw, 1024px\" \/><\/figure><\/div>\n\n\n\n<div class=\"wp-block-media-text has-media-on-the-right is-stacked-on-mobile Max1020\"><div class=\"wp-block-media-text__content\">\n<p class=\"has-text-align-center Max1020 has-medium-font-size\">Kapin Vikt\u00f3ria &#8211; Viki<\/p>\n\n\n\n<p>Viki a kommunik\u00e1ci\u00f3\u00e9rt felel\u0151s. Mi\u00f3ta a csapatban van milli\u00f3 helyen jelennek meg cikkek a zenekarr\u00f3l, interj\u00fafelk\u00e9r\u00e9sek j\u00f6nnek, \u00e9s a zenekar k\u00f6z\u00f6ns\u00e9ge is sokszoros\u00e1ra n\u0151tt. A zenekarban fuvol\u00e1zik, otthon 2 gyermeke mellett saj\u00e1t c\u00e9g\u00e9t \u00e9p\u00edti.<\/p>\n<\/div><figure class=\"wp-block-media-text__media\"><img loading=\"lazy\" decoding=\"async\" width=\"1024\" height=\"683\" src=\"https:\/\/ddrf.rty.hu\/wp-content\/uploads\/2024\/11\/viki-7d1b61068d6606abefe0991c1a94cb57-1024x683.webp\" alt=\"\" class=\"wp-image-114 size-full\" srcset=\"https:\/\/ddrf.rty.hu\/wp-content\/uploads\/2024\/11\/viki-7d1b61068d6606abefe0991c1a94cb57-1024x683.webp 1024w, https:\/\/ddrf.rty.hu\/wp-content\/uploads\/2024\/11\/viki-7d1b61068d6606abefe0991c1a94cb57-300x200.webp 300w, https:\/\/ddrf.rty.hu\/wp-content\/uploads\/2024\/11\/viki-7d1b61068d6606abefe0991c1a94cb57-768x512.webp 768w, https:\/\/ddrf.rty.hu\/wp-content\/uploads\/2024\/11\/viki-7d1b61068d6606abefe0991c1a94cb57-1536x1024.webp 1536w, https:\/\/ddrf.rty.hu\/wp-content\/uploads\/2024\/11\/viki-7d1b61068d6606abefe0991c1a94cb57-2048x1365.webp 2048w\" sizes=\"auto, (max-width: 1024px) 100vw, 1024px\" \/><\/figure><\/div>\n\n\n\n<div class=\"wp-block-media-text is-stacked-on-mobile Max1020\"><figure class=\"wp-block-media-text__media\"><img loading=\"lazy\" decoding=\"async\" width=\"1024\" height=\"684\" src=\"https:\/\/ddrf.rty.hu\/wp-content\/uploads\/2024\/11\/tundi-a223ba3030a0475269713c689c9e48df-1024x684.webp\" alt=\"\" class=\"wp-image-117 size-full\" srcset=\"https:\/\/ddrf.rty.hu\/wp-content\/uploads\/2024\/11\/tundi-a223ba3030a0475269713c689c9e48df-1024x684.webp 1024w, https:\/\/ddrf.rty.hu\/wp-content\/uploads\/2024\/11\/tundi-a223ba3030a0475269713c689c9e48df-300x200.webp 300w, https:\/\/ddrf.rty.hu\/wp-content\/uploads\/2024\/11\/tundi-a223ba3030a0475269713c689c9e48df-768x513.webp 768w, https:\/\/ddrf.rty.hu\/wp-content\/uploads\/2024\/11\/tundi-a223ba3030a0475269713c689c9e48df-1536x1025.webp 1536w, https:\/\/ddrf.rty.hu\/wp-content\/uploads\/2024\/11\/tundi-a223ba3030a0475269713c689c9e48df-2048x1367.webp 2048w\" sizes=\"auto, (max-width: 1024px) 100vw, 1024px\" \/><\/figure><div class=\"wp-block-media-text__content\">\n<p class=\"has-text-align-center has-medium-font-size\">Kardos T\u00fcnde &#8211; T\u00fcndi<\/p>\n\n\n\n<p>T\u00fcndi egyr\u00e9szt a zenekar \u00f6sszes k\u00f6z\u00f6ss\u00e9gi m\u00e9dia megjelen\u00e9s\u00e9t kezeli. Vicces posztok, f\u00e9nyk\u00e9pek, koncertfelv\u00e9telek linkjei, \u0151 azon dolgozik, hogy a t\u00e1borok \u00e9s koncertek k\u00f6z\u00f6tt is mindig esz\u00fcnkbe jusson, hogy milyen j\u00f3 is volt&#8230; M\u00e1sr\u00e9szt pedig T\u00fcndi a sz\u00ednpadmester, \u0151 a felel\u0151s az\u00e9rt, hogy a zen\u00e9n k\u00edv\u00fcl minden, ami a sz\u00ednpadon t\u00f6rt\u00e9nik rendben menjen. Aj\u00e1nd\u00e9kok, kell\u00e9kek, besz\u00e9dek&#8230;T\u00fcndi egy\u00e9bk\u00e9nt szinten klarin\u00e9ttan\u00e1r Domb\u00f3v\u00e1ron.<\/p>\n<\/div><\/div>\n\n\n\n<div class=\"wp-block-media-text is-stacked-on-mobile Max1020\"><figure class=\"wp-block-media-text__media\"><img loading=\"lazy\" decoding=\"async\" width=\"1024\" height=\"684\" src=\"https:\/\/ddrf.rty.hu\/wp-content\/uploads\/2024\/11\/esztike-25c6ea93bd26e904d19ae921f2d5072d-1024x684.webp\" alt=\"\" class=\"wp-image-119 size-full\" srcset=\"https:\/\/ddrf.rty.hu\/wp-content\/uploads\/2024\/11\/esztike-25c6ea93bd26e904d19ae921f2d5072d-1024x684.webp 1024w, https:\/\/ddrf.rty.hu\/wp-content\/uploads\/2024\/11\/esztike-25c6ea93bd26e904d19ae921f2d5072d-300x200.webp 300w, https:\/\/ddrf.rty.hu\/wp-content\/uploads\/2024\/11\/esztike-25c6ea93bd26e904d19ae921f2d5072d-768x513.webp 768w, https:\/\/ddrf.rty.hu\/wp-content\/uploads\/2024\/11\/esztike-25c6ea93bd26e904d19ae921f2d5072d-1536x1025.webp 1536w, https:\/\/ddrf.rty.hu\/wp-content\/uploads\/2024\/11\/esztike-25c6ea93bd26e904d19ae921f2d5072d-2048x1367.webp 2048w\" sizes=\"auto, (max-width: 1024px) 100vw, 1024px\" \/><\/figure><div class=\"wp-block-media-text__content\">\n<p class=\"has-text-align-center has-medium-font-size\">Nagy Eszter &#8211; Esztike<\/p>\n\n\n\n<p>Esztike a zenekar p\u00e9nz\u00fcgyi felel\u0151se. A h\u00e1tt\u00e9rben int\u00e9zi a p\u00e9nz\u00fcgyeket, sz\u00e1ml\u00e1k ki \u00e9s befizet\u00e9se, k\u00f6nyvel\u00e9s, \u00e9s minden, ami ehhez tartozik. Nagyon felel\u0151ss\u00e9gteljes feladat. A zenekarban Esztike fuvol\u00e1zik, \u00e9s egy\u00e9bk\u00e9nt buszt \u00e9s kamiont vezet.<\/p>\n<\/div><\/div>\n\n\n\n<div class=\"wp-block-media-text has-media-on-the-right is-stacked-on-mobile Max1020\"><div class=\"wp-block-media-text__content\">\n<p class=\"has-text-align-center has-medium-font-size\">B\u00edr\u00f3 Katalin &#8211; Katus<\/p>\n\n\n\n<p>Katus feladata, hogy a koncertek kell\u00e9kei meg\u00e9rkezzenek id\u0151ben oda, ahova kell. Az aj\u00e1nd\u00e9kok, v\u00edz a zen\u00e9szeknek, egy vir\u00e1g Ir\u00e9nke n\u00e9ninek mind az \u0151 hat\u00e1sk\u00f6re. Emellett Esztik\u00e9nek seg\u00edt a p\u00e9nz\u00fcgyek int\u00e9z\u00e9seben, hiszen Katus egy j\u00f3 nagy bankban dolgozik, nem mellesleg kvantitat\u00edv matematikus&#8230;.<\/p>\n<\/div><figure class=\"wp-block-media-text__media\"><img loading=\"lazy\" decoding=\"async\" width=\"1024\" height=\"684\" src=\"https:\/\/ddrf.rty.hu\/wp-content\/uploads\/2024\/11\/katus-2069058cb696643eacb1238bd8031c73-1024x684.webp\" alt=\"\" class=\"wp-image-121 size-full\" srcset=\"https:\/\/ddrf.rty.hu\/wp-content\/uploads\/2024\/11\/katus-2069058cb696643eacb1238bd8031c73-1024x684.webp 1024w, https:\/\/ddrf.rty.hu\/wp-content\/uploads\/2024\/11\/katus-2069058cb696643eacb1238bd8031c73-300x200.webp 300w, https:\/\/ddrf.rty.hu\/wp-content\/uploads\/2024\/11\/katus-2069058cb696643eacb1238bd8031c73-768x513.webp 768w, https:\/\/ddrf.rty.hu\/wp-content\/uploads\/2024\/11\/katus-2069058cb696643eacb1238bd8031c73-1536x1025.webp 1536w, https:\/\/ddrf.rty.hu\/wp-content\/uploads\/2024\/11\/katus-2069058cb696643eacb1238bd8031c73-2048x1367.webp 2048w\" sizes=\"auto, (max-width: 1024px) 100vw, 1024px\" \/><\/figure><\/div>\n\n\n\n<div class=\"wp-block-media-text has-media-on-the-right is-stacked-on-mobile Max1020\"><div class=\"wp-block-media-text__content\">\n<p class=\"has-text-align-center has-medium-font-size\">Vida Szil\u00e1rd &#8211; Szipu<\/p>\n\n\n\n<p>Szipu az ezermester. Ha b\u00e1rmi elromlik, ha b\u00e1rmit sz\u00e1ll\u00edtani-logisztik\u00e1zni kell, akkor erre \u0151 a legjobb ember. Neki k\u00f6sz\u00f6nhetj\u00fck, hogy a t\u00f6bb sz\u00e1z kil\u00f3nyi \u00fct\u0151hangszer eljut a pr\u00f3baterembe, vagy a koncerthelysz\u00ednekre. Szipu egy\u00e9bk\u00e9nt euf\u00f3niumon j\u00e1tszik, \u00e9s k\u0151farag\u00f3 \u00e9s bels\u0151 \u00e9p\u00edt\u00e9sz.<\/p>\n<\/div><figure class=\"wp-block-media-text__media\"><img loading=\"lazy\" decoding=\"async\" width=\"1024\" height=\"684\" src=\"https:\/\/ddrf.rty.hu\/wp-content\/uploads\/2024\/11\/szipu-88479d985a9c296624259c82ff61d455-1024x684.webp\" alt=\"\" class=\"wp-image-123 size-full\" srcset=\"https:\/\/ddrf.rty.hu\/wp-content\/uploads\/2024\/11\/szipu-88479d985a9c296624259c82ff61d455-1024x684.webp 1024w, https:\/\/ddrf.rty.hu\/wp-content\/uploads\/2024\/11\/szipu-88479d985a9c296624259c82ff61d455-300x200.webp 300w, https:\/\/ddrf.rty.hu\/wp-content\/uploads\/2024\/11\/szipu-88479d985a9c296624259c82ff61d455-768x513.webp 768w, https:\/\/ddrf.rty.hu\/wp-content\/uploads\/2024\/11\/szipu-88479d985a9c296624259c82ff61d455-1536x1025.webp 1536w, https:\/\/ddrf.rty.hu\/wp-content\/uploads\/2024\/11\/szipu-88479d985a9c296624259c82ff61d455-2048x1367.webp 2048w\" sizes=\"auto, (max-width: 1024px) 100vw, 1024px\" \/><\/figure><\/div>\n\n\n\n<div class=\"wp-block-media-text is-stacked-on-mobile Max1020\"><figure class=\"wp-block-media-text__media\"><img loading=\"lazy\" decoding=\"async\" width=\"1024\" height=\"683\" src=\"https:\/\/ddrf.rty.hu\/wp-content\/uploads\/2024\/11\/anettka-b5dd5d000a83e2ce69234b43511fe313-1024x683.webp\" alt=\"\" class=\"wp-image-125 size-full\" srcset=\"https:\/\/ddrf.rty.hu\/wp-content\/uploads\/2024\/11\/anettka-b5dd5d000a83e2ce69234b43511fe313-1024x683.webp 1024w, https:\/\/ddrf.rty.hu\/wp-content\/uploads\/2024\/11\/anettka-b5dd5d000a83e2ce69234b43511fe313-300x200.webp 300w, https:\/\/ddrf.rty.hu\/wp-content\/uploads\/2024\/11\/anettka-b5dd5d000a83e2ce69234b43511fe313-768x512.webp 768w, https:\/\/ddrf.rty.hu\/wp-content\/uploads\/2024\/11\/anettka-b5dd5d000a83e2ce69234b43511fe313-1536x1024.webp 1536w, https:\/\/ddrf.rty.hu\/wp-content\/uploads\/2024\/11\/anettka-b5dd5d000a83e2ce69234b43511fe313-2048x1365.webp 2048w\" sizes=\"auto, (max-width: 1024px) 100vw, 1024px\" \/><\/figure><div class=\"wp-block-media-text__content\">\n<p class=\"has-text-align-center has-medium-font-size\">Kov\u00e1cs Anett &#8211; Anettka<\/p>\n\n\n\n<p>Anettka a p\u00f3l\u00f3k\u00e9rt \u00e9s a zenekar megjelen\u00e9s\u00e9\u00e9rt felel\u0151s. Ami egyszer\u0171en hangzik, de nem az. A p\u00f3l\u00f3k rendel\u00e9se, m\u00e9retgy\u0171jt\u00e9s, az, hogy mi ker\u00fcl a p\u00f3l\u00f3ra milyen sz\u00ednnel \u00e9s hova, eddig sosem ment egyszer\u0171en, de mindig siker\u00fclt. Anettka egy\u00e9bk\u00e9nt b\u0151r\u00f6kkel foglalkozik, \u00e9s t\u00f6bbek k\u00f6z\u00f6tt nagyon sz\u00e9p t\u00e1sk\u00e1kat gy\u00e1rt, a zenekarban pedig altszaxofon van a kez\u00e9ben.<\/p>\n<\/div><\/div>\n\n\n\n<div class=\"wp-block-media-text is-stacked-on-mobile Max1020\"><figure class=\"wp-block-media-text__media\"><img loading=\"lazy\" decoding=\"async\" width=\"1024\" height=\"768\" src=\"https:\/\/ddrf.rty.hu\/wp-content\/uploads\/2024\/11\/boti-3b8cbc6892397b5bacccbb201e395104-1024x768.webp\" alt=\"\" class=\"wp-image-127 size-full\" srcset=\"https:\/\/ddrf.rty.hu\/wp-content\/uploads\/2024\/11\/boti-3b8cbc6892397b5bacccbb201e395104-1024x768.webp 1024w, https:\/\/ddrf.rty.hu\/wp-content\/uploads\/2024\/11\/boti-3b8cbc6892397b5bacccbb201e395104-300x225.webp 300w, https:\/\/ddrf.rty.hu\/wp-content\/uploads\/2024\/11\/boti-3b8cbc6892397b5bacccbb201e395104-768x576.webp 768w, https:\/\/ddrf.rty.hu\/wp-content\/uploads\/2024\/11\/boti-3b8cbc6892397b5bacccbb201e395104-1536x1152.webp 1536w, https:\/\/ddrf.rty.hu\/wp-content\/uploads\/2024\/11\/boti-3b8cbc6892397b5bacccbb201e395104-2048x1536.webp 2048w\" sizes=\"auto, (max-width: 1024px) 100vw, 1024px\" \/><\/figure><div class=\"wp-block-media-text__content\">\n<p class=\"has-text-align-center Max1020 has-medium-font-size\">Boti<\/p>\n\n\n\n<p>Boti a jogtudorunk, az egyes\u00fclet alap\u00edt\u00e1s \u00e9s m\u0171k\u00f6dtet\u00e9sben van nagyon sok feladata. Ha b\u00e1rmi k\u00e9rd\u00e9s felmer\u00fcl, hozz\u00e1 b\u00e1rmikor fordulhatunk, ha \u00e9ppen nem a baritonszaxofonj\u00e1t f\u00fajja. Mell\u00e9k\u00e1ll\u00e1sban k\u00e9t megyei korh\u00e1z \u00fcgyv\u00e9dje.<\/p>\n<\/div><\/div>\n","protected":false},"excerpt":{"rendered":"<p>A SZAKMAI ST\u00c1B T\u00f3th Bence &#8211; Benu Benu az, akit nem lehet nem szeretni. Folyamatosan kritiz\u00e1l, ezt m\u00e9gis oly m\u00f3don teszi, hogy nem lehet r\u00e1 haragudni. S\u0151t! A pr\u00f3b\u00e1i sosem unalmasak, a zen\u00e9szek nagyon szeretnek vele egy\u00fctt zen\u00e9lni. A karmesters\u00e9get Sv\u00e1jcban hivat\u00e1szszer\u0171en is \u0171zi, mellette zeneiskol\u00e1ban tan\u00edt gyerekeket. T\u00f3th Ada &#8211; Ada Ada a zenekar [&hellip;]<\/p>\n","protected":false},"author":1,"featured_media":0,"parent":0,"menu_order":0,"comment_status":"closed","ping_status":"closed","template":"","meta":{"inline_featured_image":false,"footnotes":""},"class_list":["post-54","page","type-page","status-publish","hentry"],"_links":{"self":[{"href":"https:\/\/ddrf.rty.hu\/index.php\/wp-json\/wp\/v2\/pages\/54","targetHints":{"allow":["GET"]}}],"collection":[{"href":"https:\/\/ddrf.rty.hu\/index.php\/wp-json\/wp\/v2\/pages"}],"about":[{"href":"https:\/\/ddrf.rty.hu\/index.php\/wp-json\/wp\/v2\/types\/page"}],"author":[{"embeddable":true,"href":"https:\/\/ddrf.rty.hu\/index.php\/wp-json\/wp\/v2\/users\/1"}],"replies":[{"embeddable":true,"href":"https:\/\/ddrf.rty.hu\/index.php\/wp-json\/wp\/v2\/comments?post=54"}],"version-history":[{"count":18,"href":"https:\/\/ddrf.rty.hu\/index.php\/wp-json\/wp\/v2\/pages\/54\/revisions"}],"predecessor-version":[{"id":129,"href":"https:\/\/ddrf.rty.hu\/index.php\/wp-json\/wp\/v2\/pages\/54\/revisions\/129"}],"wp:attachment":[{"href":"https:\/\/ddrf.rty.hu\/index.php\/wp-json\/wp\/v2\/media?parent=54"}],"curies":[{"name":"wp","href":"https:\/\/api.w.org\/{rel}","templated":true}]}}